{"id":315,"date":"2023-03-27T13:58:43","date_gmt":"2023-03-27T12:58:43","guid":{"rendered":"http:\/\/www.energieberatung-korn.de\/wordpress\/?page_id=315"},"modified":"2023-04-24T13:50:51","modified_gmt":"2023-04-24T12:50:51","slug":"tools","status":"publish","type":"page","link":"https:\/\/www.energieberatung-korn.de\/?page_id=315","title":{"rendered":"Tools"},"content":{"rendered":"\n<p><\/p>\n\n\n\n<div class=\"wp-block-coblocks-features coblocks-features-31212950231\"><div class=\"wp-block-coblocks-features__inner has-columns has-2-columns has-responsive-columns has-center-content has-medium-gutter\">\n<div class=\"wp-block-coblocks-feature coblocks-feature-31212950444\"><div class=\"wp-block-coblocks-feature__inner has-no-padding\"><div class=\"wp-block-coblocks-icon\">\n\t\t\t\t<div class=\"wp-block-coblocks-icon__inner\" style=\"height: 60px; width: 60px;\">\n\t\t\t\t\t<svg fill=\"none\" viewBox=\"0 0 20 20\" xmlns=\"http:\/\/www.w3.org\/2000\/svg\"><path d=\"m13.1578947 9.47368421v-6.31578947l-3.1578947-3.15789474-3.15789474 3.15789474v2.10526315h-6.31578947v14.73684211h18.94736841v-10.52631579zm-8.42105259 8.42105259h-2.10526316v-2.1052631h2.10526316zm0-4.2105263h-2.10526316v-2.1052631h2.10526316zm0-4.21052629h-2.10526316v-2.10526316h2.10526316zm6.31578949 8.42105259h-2.10526318v-2.1052631h2.10526318zm0-4.2105263h-2.10526318v-2.1052631h2.10526318zm0-4.21052629h-2.10526318v-2.10526316h2.10526318zm0-4.21052632h-2.10526318v-2.10526315h2.10526318zm6.3157895 12.63157891h-2.1052632v-2.1052631h2.1052632zm0-4.2105263h-2.1052632v-2.1052631h2.1052632z\" fill=\"currentColor\" \/><\/svg>\n\t\t\t\t<\/div>\n\t\t\t<\/div>\n\n\n<h4 class=\"wp-block-heading\"><a href=\"http:\/\/www.energieberatung-korn.de\/?page_id=312\" data-type=\"URL\">Heizlastabsch\u00e4tzung<\/a><\/h4>\n\n\n\n<p>Hiermit kann die Heizlast anhand des Verbrauchs abgesch\u00e4tzt werden.<\/p>\n<\/div><\/div>\n\n\n\n<div class=\"wp-block-coblocks-feature coblocks-feature-31212950446\"><div class=\"wp-block-coblocks-feature__inner has-no-padding\"><div class=\"wp-block-coblocks-icon\">\n\t\t\t\t<div class=\"wp-block-coblocks-icon__inner\" style=\"height: 60px; width: 60px;\">\n\t\t\t\t\t<svg fill=\"none\" viewBox=\"0 0 24 24\" xmlns=\"http:\/\/www.w3.org\/2000\/svg\"><rect height=\"13.5\" rx=\".875\" stroke=\"currentColor\" stroke-width=\"1.5\" width=\"16.5\" x=\"3.75\" y=\"3.75\" fill=\"none\"\/><path d=\"m4 13 4.5-2.5 3.5 1.8333 4-3.3333 4 3.3333\" stroke=\"currentColor\" stroke-linejoin=\"round\" stroke-width=\"1.5\" fill=\"none\"\/><path d=\"m3 21.5c0-.8284.67157-1.5 1.5-1.5h15c.8284 0 1.5.6716 1.5 1.5z\" fill=\"currentColor\"\/><\/svg>\n\n\t\t\t\t<\/div>\n\t\t\t<\/div>\n\n\n<h4 class=\"wp-block-heading\"><a href=\"http:\/\/www.energieberatung-korn.de\/?page_id=320\" data-type=\"URL\">Effizienzklasse<\/a><\/h4>\n\n\n\n<p>Hiermit kann die Effizienzklasse des Geb\u00e4udes abgesch\u00e4tzt werden.<\/p>\n<\/div><\/div>\n<\/div><\/div>\n\n\n\n<div class=\"wp-block-coblocks-features coblocks-features-31212950231\"><div class=\"wp-block-coblocks-features__inner has-columns has-2-columns has-responsive-columns has-center-content has-medium-gutter\">\n<div class=\"wp-block-coblocks-feature coblocks-feature-31212950444\"><div class=\"wp-block-coblocks-feature__inner has-no-padding\"><div class=\"wp-block-coblocks-icon\">\n\t\t\t\t<div class=\"wp-block-coblocks-icon__inner\" style=\"height: 60px; width: 60px;\">\n\t\t\t\t\t<svg fill=\"none\" viewBox=\"0 0 20 20\" xmlns=\"http:\/\/www.w3.org\/2000\/svg\"><path d=\"m19.6627376 17.0986011-8.2473132-8.24731315c.8447138-2.1254089.4087325-4.63230145-1.307944-6.35806082-2.08907708-2.08907713-5.34077104-2.27981895-7.65692177-.59039136l3.48785051 3.49693345-1.28977806 1.28069511-3.47876756-3.47876757c-1.68942759 2.30706779-1.49868577 5.56784469.59039136 7.64783884 1.68942759 1.6894276 4.15090542 2.1344919 6.25814844 1.3442758l8.27456198 8.274562c.3542348.3542348.9264603.3542348 1.2806951 0l2.0890772-2.0890772c.3633177-.3451518.3633177-.9173773 0-1.2806951zm-2.7248832 1.4532711-8.5924651-8.59246508c-.55405958.40873248-1.17169978.65397198-1.8165888.74480138-1.23528039.1816589-2.53414139-.1907418-3.47876757-1.13536797-.86287968-.85379674-1.26252922-1.99824769-1.19894861-3.12453275l2.80662971 2.80662971 3.85116827-3.85116827-2.80662971-2.80662971c1.12628506-.0635806 2.26165307.33606893 3.12453275 1.18986567.98095795.98095796 1.35335866 2.33431662 1.12628506 3.59684584-.10899533.64488902-.38148365 1.24436333-.79929908 1.78025703l8.58338208 8.58338215z\" fill=\"currentColor\" transform=\"translate(0 -.734049)\" \/><\/svg>\n\t\t\t\t<\/div>\n\t\t\t<\/div>\n\n\n<h4 class=\"wp-block-heading\"><a href=\"http:\/\/www.energieberatung-korn.de\/?page_id=326\" data-type=\"URL\">Energiesparrechner<\/a><\/h4>\n\n\n\n<p>Hiermit kann die Energieeinsparung von D\u00e4mmma\u00dfnahmen abgesch\u00e4tzt werden.<\/p>\n<\/div><\/div>\n\n\n\n<div class=\"wp-block-coblocks-feature coblocks-feature-31213651668\"><div class=\"wp-block-coblocks-feature__inner has-no-padding\">\n<h4 class=\"wp-block-heading\"><\/h4>\n\n\n\n<p><\/p>\n<\/div><\/div>\n<\/div><\/div>\n","protected":false},"excerpt":{"rendered":"","protected":false},"author":1,"featured_media":0,"parent":0,"menu_order":0,"comment_status":"closed","ping_status":"closed","template":"","meta":{"_coblocks_attr":"","_coblocks_dimensions":"","_coblocks_responsive_height":"","_coblocks_accordion_ie_support":"","hide_page_title":"","footnotes":""},"class_list":["post-315","page","type-page","status-publish","hentry"],"_links":{"self":[{"href":"https:\/\/www.energieberatung-korn.de\/index.php?rest_route=\/wp\/v2\/pages\/315","targetHints":{"allow":["GET"]}}],"collection":[{"href":"https:\/\/www.energieberatung-korn.de\/index.php?rest_route=\/wp\/v2\/pages"}],"about":[{"href":"https:\/\/www.energieberatung-korn.de\/index.php?rest_route=\/wp\/v2\/types\/page"}],"author":[{"embeddable":true,"href":"https:\/\/www.energieberatung-korn.de\/index.php?rest_route=\/wp\/v2\/users\/1"}],"replies":[{"embeddable":true,"href":"https:\/\/www.energieberatung-korn.de\/index.php?rest_route=%2Fwp%2Fv2%2Fcomments&post=315"}],"version-history":[{"count":8,"href":"https:\/\/www.energieberatung-korn.de\/index.php?rest_route=\/wp\/v2\/pages\/315\/revisions"}],"predecessor-version":[{"id":341,"href":"https:\/\/www.energieberatung-korn.de\/index.php?rest_route=\/wp\/v2\/pages\/315\/revisions\/341"}],"wp:attachment":[{"href":"https:\/\/www.energieberatung-korn.de\/index.php?rest_route=%2Fwp%2Fv2%2Fmedia&parent=315"}],"curies":[{"name":"wp","href":"https:\/\/api.w.org\/{rel}","templated":true}]}}