{"id":320,"date":"2023-03-27T15:10:11","date_gmt":"2023-03-27T14:10:11","guid":{"rendered":"http:\/\/www.energieberatung-korn.de\/wordpress\/?page_id=320"},"modified":"2023-03-27T15:10:11","modified_gmt":"2023-03-27T14:10:11","slug":"effizienzklasse-gebaeude","status":"publish","type":"page","link":"https:\/\/www.energieberatung-korn.de\/?page_id=320","title":{"rendered":"Effizienzklasse Geb\u00e4ude"},"content":{"rendered":"\n<p>Effizienzklassenabsch\u00e4tzung f\u00fcr Wohngeb\u00e4ude<\/p>\n\n\n\n<div class=\"forminator-guttenberg\"><div class=\"forminator-ui forminator-custom-form forminator-custom-form-319 forminator-design--default  forminator_ajax\" data-forminator-render=\"0\" data-form=\"forminator-module-319\" data-uid=\"69f5f91b5acd8\"><br\/><\/div><form\n\t\t\t\tid=\"forminator-module-319\"\n\t\t\t\tclass=\"forminator-ui forminator-custom-form forminator-custom-form-319 forminator-design--default  forminator_ajax\"\n\t\t\t\tmethod=\"post\"\n\t\t\t\tdata-forminator-render=\"0\"\n\t\t\t\tdata-form-id=\"319\"\n\t\t\t\t data-color-option=\"default\" data-design=\"default\" data-grid=\"open\" style=\"display: none;\"\n\t\t\t\tdata-uid=\"69f5f91b5acd8\"\n\t\t\t><div role=\"alert\" aria-live=\"polite\" class=\"forminator-response-message forminator-error\" aria-hidden=\"true\"><\/div><div class=\"forminator-row\"><div id=\"number-5\" class=\"forminator-field-number forminator-col forminator-col-12 \"><div class=\"forminator-field\"><label for=\"forminator-field-number-5_69f5f91b5acd8\" id=\"forminator-field-number-5_69f5f91b5acd8-label\" class=\"forminator-label\">Wohnfl\u00e4che in m\u00b2? <span class=\"forminator-required\">*<\/span><\/label><input name=\"number-5\" value=\"\" placeholder=\"z. B. 123\" id=\"forminator-field-number-5_69f5f91b5acd8\" class=\"forminator-input forminator-number--field\" inputmode=\"decimal\" data-required=\"1\" data-decimals=\"0\" aria-required=\"true\" data-inputmask=\"&#039;groupSeparator&#039;: &#039;&#039;, &#039;radixPoint&#039;: &#039;&#039;, &#039;digits&#039;: &#039;0&#039;\" type=\"number\" step=\"any\" min=\"1\" max=\"500\" \/><\/div><\/div><\/div><div class=\"forminator-row\"><div id=\"select-1\" class=\"forminator-field-select forminator-col forminator-col-12 \"><div class=\"forminator-field\"><label for=\"forminator-form-319__field--select-1_69f5f91b5acd8\" id=\"forminator-form-319__field--select-1_69f5f91b5acd8-label\" class=\"forminator-label\">Energietr\u00e4ger <span class=\"forminator-required\">*<\/span><\/label><select  id=\"forminator-form-319__field--select-1_69f5f91b5acd8\" class=\"forminator-select--field forminator-select2 forminator-select2-multiple\" data-required=\"1\" name=\"select-1\" data-default-value=\"two\" data-placeholder=\"Bitte w\u00e4hle eine Option aus\" data-search=\"false\" data-search-placeholder=\"Bitte w\u00e4hle eine Option aus\" data-checkbox=\"false\" data-allow-clear=\"false\" aria-labelledby=\"forminator-form-319__field--select-1_69f5f91b5acd8-label\"><option value=\"\"  >Bitte w\u00e4hle eine Option aus<\/option><option value=\"one\"  data-calculation=\"10\">Heiz\u00f6l<\/option><option value=\"two\" selected=\"selected\" data-calculation=\"1\">Erdgas<\/option><option value=\"Strom\"  data-calculation=\"1\">Strom<\/option><option value=\"Pellets\"  data-calculation=\"5.7\">Pellets<\/option><\/select><\/div><\/div><\/div><div class=\"forminator-row\"><div id=\"select-2\" class=\"forminator-field-select forminator-col forminator-col-12 \"><div class=\"forminator-field\"><label for=\"forminator-form-319__field--select-2_69f5f91b5acd8\" id=\"forminator-form-319__field--select-2_69f5f91b5acd8-label\" class=\"forminator-label\">Brennwert <span class=\"forminator-required\">*<\/span><\/label><select  id=\"forminator-form-319__field--select-2_69f5f91b5acd8\" class=\"forminator-select--field forminator-select2 forminator-select2-multiple\" data-required=\"1\" name=\"select-2\" data-default-value=\"two\" data-placeholder=\"Bitte w\u00e4hle eine Option aus\" data-search=\"false\" data-search-placeholder=\"Bitte w\u00e4hle eine Option aus\" data-checkbox=\"false\" data-allow-clear=\"false\" aria-labelledby=\"forminator-form-319__field--select-2_69f5f91b5acd8-label\"><option value=\"\"  >Bitte w\u00e4hle eine Option aus<\/option><option value=\"one\"  data-calculation=\"0.9\">Ja<\/option><option value=\"two\" selected=\"selected\" data-calculation=\"0.75\">Nein<\/option><\/select><\/div><\/div><\/div><div class=\"forminator-row\"><div id=\"number-4\" class=\"forminator-field-number forminator-col forminator-col-12 \"><div class=\"forminator-field\"><label for=\"forminator-field-number-4_69f5f91b5acd8\" id=\"forminator-field-number-4_69f5f91b5acd8-label\" class=\"forminator-label\">Verbrauch in Kg <span class=\"forminator-required\">*<\/span><\/label><input name=\"number-4\" value=\"\" placeholder=\"z. B. 1234\" id=\"forminator-field-number-4_69f5f91b5acd8\" class=\"forminator-input forminator-number--field\" inputmode=\"decimal\" data-required=\"1\" data-decimals=\"0\" aria-required=\"true\" data-inputmask=\"&#039;groupSeparator&#039;: &#039;&#039;, &#039;radixPoint&#039;: &#039;&#039;, &#039;digits&#039;: &#039;0&#039;\" type=\"number\" step=\"any\" min=\"1\" max=\"20000\" \/><\/div><\/div><\/div><div class=\"forminator-row\"><div id=\"number-2\" class=\"forminator-field-number forminator-col forminator-col-12 \"><div class=\"forminator-field\"><label for=\"forminator-field-number-2_69f5f91b5acd8\" id=\"forminator-field-number-2_69f5f91b5acd8-label\" class=\"forminator-label\">Verbrauch in Liter? <span class=\"forminator-required\">*<\/span><\/label><input name=\"number-2\" value=\"\" placeholder=\"z. B. 1234\" id=\"forminator-field-number-2_69f5f91b5acd8\" class=\"forminator-input forminator-number--field\" inputmode=\"decimal\" data-required=\"1\" data-decimals=\"0\" aria-required=\"true\" data-inputmask=\"&#039;groupSeparator&#039;: &#039;&#039;, &#039;radixPoint&#039;: &#039;&#039;, &#039;digits&#039;: &#039;0&#039;\" type=\"number\" step=\"any\" min=\"1\" max=\"10000\" \/><\/div><\/div><\/div><div class=\"forminator-row\"><div id=\"number-3\" class=\"forminator-field-number forminator-col forminator-col-12 \"><div class=\"forminator-field\"><label for=\"forminator-field-number-3_69f5f91b5acd8\" id=\"forminator-field-number-3_69f5f91b5acd8-label\" class=\"forminator-label\">Verbrauch in kWh? <span class=\"forminator-required\">*<\/span><\/label><input name=\"number-3\" value=\"\" placeholder=\"z. B. 1234\" id=\"forminator-field-number-3_69f5f91b5acd8\" class=\"forminator-input forminator-number--field\" inputmode=\"decimal\" data-required=\"1\" data-decimals=\"0\" aria-required=\"true\" data-inputmask=\"&#039;groupSeparator&#039;: &#039;&#039;, &#039;radixPoint&#039;: &#039;&#039;, &#039;digits&#039;: &#039;0&#039;\" type=\"number\" step=\"any\" min=\"1\" max=\"50000\" \/><\/div><\/div><\/div><div class=\"forminator-row\"><div id=\"calculation-1\" class=\"forminator-field-calculation forminator-col forminator-col-12 \"><div class=\"forminator-field\"><label for=\"calculation-1-field_69f5f91b5acd8\" id=\"calculation-1-field_69f5f91b5acd8-label\" class=\"forminator-label\">Verbrauch pro m\u00b2 und Jahr<\/label><div class=\"forminator-input forminator-input-with-prefix\"><input type=\"text\" name=\"calculation-1\" value=\"\" id=\"calculation-1-field_69f5f91b5acd8\" class=\"forminator-calculation\" data-formula=\"({select-1}*({number-2}+{number-3}+{number-4})*{select-2})\/{number-5}\" data-required=\"\" data-decimal-point=\",\" data-precision=\"1\" data-is-hidden=\"\" disabled=\"disabled\" data-decimals=\"1\" data-inputmask=\"&#039;groupSeparator&#039;: &#039;.&#039;, &#039;radixPoint&#039;: &#039;,&#039;, &#039;digits&#039;: &#039;1&#039;\" readonly=\"readonly\" \/><span class=\"forminator-suffix\">kW\/m\u00b2a<\/span><\/div><\/div><\/div><\/div><div class=\"forminator-row\"><div id=\"textarea-1\" class=\"forminator-field-textarea forminator-col forminator-col-12 \"><div class=\"forminator-field\"><label for=\"forminator-field-textarea-1_69f5f91b5acd8\" id=\"forminator-field-textarea-1_69f5f91b5acd8-label\" class=\"forminator-label\">Energieeffizienzklasse<\/label><textarea name=\"textarea-1\" placeholder=\"\" id=\"forminator-field-textarea-1_69f5f91b5acd8\" class=\"forminator-textarea\" rows=\"6\" style=\"--forminator-textarea-min-height:140px;\" >A+<\/textarea><\/div><\/div><\/div><div class=\"forminator-row\"><div id=\"textarea-2\" class=\"forminator-field-textarea forminator-col forminator-col-12 \"><div class=\"forminator-field\"><label for=\"forminator-field-textarea-2_69f5f91b5acd8\" id=\"forminator-field-textarea-2_69f5f91b5acd8-label\" class=\"forminator-label\">Energieeffizienzklasse<\/label><textarea name=\"textarea-2\" placeholder=\"\" id=\"forminator-field-textarea-2_69f5f91b5acd8\" class=\"forminator-textarea\" rows=\"6\" style=\"--forminator-textarea-min-height:140px;\" >A<\/textarea><\/div><\/div><\/div><div class=\"forminator-row\"><div id=\"textarea-3\" class=\"forminator-field-textarea forminator-col forminator-col-12 \"><div class=\"forminator-field\"><label for=\"forminator-field-textarea-3_69f5f91b5acd8\" id=\"forminator-field-textarea-3_69f5f91b5acd8-label\" class=\"forminator-label\">Energieeffizienzklasse<\/label><textarea name=\"textarea-3\" placeholder=\"\" id=\"forminator-field-textarea-3_69f5f91b5acd8\" class=\"forminator-textarea\" rows=\"6\" style=\"--forminator-textarea-min-height:140px;\" >B<\/textarea><\/div><\/div><\/div><div class=\"forminator-row\"><div id=\"textarea-4\" class=\"forminator-field-textarea forminator-col forminator-col-12 \"><div class=\"forminator-field\"><label for=\"forminator-field-textarea-4_69f5f91b5acd8\" id=\"forminator-field-textarea-4_69f5f91b5acd8-label\" class=\"forminator-label\">Energieeffizienzklasse<\/label><textarea name=\"textarea-4\" placeholder=\"\" id=\"forminator-field-textarea-4_69f5f91b5acd8\" class=\"forminator-textarea\" rows=\"6\" style=\"--forminator-textarea-min-height:140px;\" >C<\/textarea><\/div><\/div><\/div><div class=\"forminator-row\"><div id=\"textarea-5\" class=\"forminator-field-textarea forminator-col forminator-col-12 \"><div class=\"forminator-field\"><label for=\"forminator-field-textarea-5_69f5f91b5acd8\" id=\"forminator-field-textarea-5_69f5f91b5acd8-label\" class=\"forminator-label\">Energieeffizienzklasse<\/label><textarea name=\"textarea-5\" placeholder=\"\" id=\"forminator-field-textarea-5_69f5f91b5acd8\" class=\"forminator-textarea\" rows=\"6\" style=\"--forminator-textarea-min-height:140px;\" >D<\/textarea><\/div><\/div><\/div><div class=\"forminator-row\"><div id=\"textarea-6\" class=\"forminator-field-textarea forminator-col forminator-col-12 \"><div class=\"forminator-field\"><label for=\"forminator-field-textarea-6_69f5f91b5acd8\" id=\"forminator-field-textarea-6_69f5f91b5acd8-label\" class=\"forminator-label\">Energieeffizienzklasse<\/label><textarea name=\"textarea-6\" placeholder=\"\" id=\"forminator-field-textarea-6_69f5f91b5acd8\" class=\"forminator-textarea\" rows=\"6\" style=\"--forminator-textarea-min-height:140px;\" >E<\/textarea><\/div><\/div><\/div><div class=\"forminator-row\"><div id=\"textarea-7\" class=\"forminator-field-textarea forminator-col forminator-col-12 \"><div class=\"forminator-field\"><label for=\"forminator-field-textarea-7_69f5f91b5acd8\" id=\"forminator-field-textarea-7_69f5f91b5acd8-label\" class=\"forminator-label\">Energieeffizienzklasse<\/label><textarea name=\"textarea-7\" placeholder=\"\" id=\"forminator-field-textarea-7_69f5f91b5acd8\" class=\"forminator-textarea\" rows=\"6\" style=\"--forminator-textarea-min-height:140px;\" >F<\/textarea><\/div><\/div><\/div><div class=\"forminator-row\"><div id=\"textarea-8\" class=\"forminator-field-textarea forminator-col forminator-col-12 \"><div class=\"forminator-field\"><label for=\"forminator-field-textarea-8_69f5f91b5acd8\" id=\"forminator-field-textarea-8_69f5f91b5acd8-label\" class=\"forminator-label\">Energieeffizienzklasse<\/label><textarea name=\"textarea-8\" placeholder=\"\" id=\"forminator-field-textarea-8_69f5f91b5acd8\" class=\"forminator-textarea\" rows=\"6\" style=\"--forminator-textarea-min-height:140px;\" >G<\/textarea><\/div><\/div><\/div><div class=\"forminator-row\"><div id=\"textarea-9\" class=\"forminator-field-textarea forminator-col forminator-col-12 \"><div class=\"forminator-field\"><label for=\"forminator-field-textarea-9_69f5f91b5acd8\" id=\"forminator-field-textarea-9_69f5f91b5acd8-label\" class=\"forminator-label\">Energieeffizienzklasse<\/label><textarea name=\"textarea-9\" placeholder=\"\" id=\"forminator-field-textarea-9_69f5f91b5acd8\" class=\"forminator-textarea\" rows=\"6\" style=\"--forminator-textarea-min-height:140px;\" >H<\/textarea><\/div><\/div><\/div><input type=\"hidden\" name=\"referer_url\" value=\"\" \/><div class=\"forminator-row forminator-row-last\"><div class=\"forminator-col\"><div class=\"forminator-field\"><button class=\"forminator-button forminator-button-submit\">Send Message<\/button><\/div><\/div><\/div><input type=\"hidden\" id=\"forminator_nonce\" name=\"forminator_nonce\" value=\"e4c5767c57\" \/><input type=\"hidden\" name=\"_wp_http_referer\" value=\"\/index.php?rest_route=%2Fwp%2Fv2%2Fpages%2F320\" \/><input type=\"hidden\" name=\"form_id\" value=\"319\"><input type=\"hidden\" name=\"page_id\" value=\"320\"><input type=\"hidden\" name=\"form_type\" value=\"default\"><input type=\"hidden\" name=\"current_url\" value=\"https:\/\/www.energieberatung-korn.de\/?page_id=320\"><input type=\"hidden\" name=\"render_id\" value=\"0\"><input type=\"hidden\" name=\"action\" value=\"forminator_submit_form_custom-forms\"><\/form><\/div>\n","protected":false},"excerpt":{"rendered":"<p>Effizienzklassenabsch\u00e4tzung f\u00fcr Wohngeb\u00e4ude<\/p>\n","protected":false},"author":1,"featured_media":0,"parent":0,"menu_order":0,"comment_status":"closed","ping_status":"closed","template":"","meta":{"_coblocks_attr":"","_coblocks_dimensions":"","_coblocks_responsive_height":"","_coblocks_accordion_ie_support":"","hide_page_title":"","footnotes":""},"class_list":["post-320","page","type-page","status-publish","hentry"],"_links":{"self":[{"href":"https:\/\/www.energieberatung-korn.de\/index.php?rest_route=\/wp\/v2\/pages\/320","targetHints":{"allow":["GET"]}}],"collection":[{"href":"https:\/\/www.energieberatung-korn.de\/index.php?rest_route=\/wp\/v2\/pages"}],"about":[{"href":"https:\/\/www.energieberatung-korn.de\/index.php?rest_route=\/wp\/v2\/types\/page"}],"author":[{"embeddable":true,"href":"https:\/\/www.energieberatung-korn.de\/index.php?rest_route=\/wp\/v2\/users\/1"}],"replies":[{"embeddable":true,"href":"https:\/\/www.energieberatung-korn.de\/index.php?rest_route=%2Fwp%2Fv2%2Fcomments&post=320"}],"version-history":[{"count":2,"href":"https:\/\/www.energieberatung-korn.de\/index.php?rest_route=\/wp\/v2\/pages\/320\/revisions"}],"predecessor-version":[{"id":322,"href":"https:\/\/www.energieberatung-korn.de\/index.php?rest_route=\/wp\/v2\/pages\/320\/revisions\/322"}],"wp:attachment":[{"href":"https:\/\/www.energieberatung-korn.de\/index.php?rest_route=%2Fwp%2Fv2%2Fmedia&parent=320"}],"curies":[{"name":"wp","href":"https:\/\/api.w.org\/{rel}","templated":true}]}}